{"id":65,"date":"2025-06-05T19:23:48","date_gmt":"2025-06-05T19:23:48","guid":{"rendered":"https:\/\/mmtech.net.br\/?page_id=65"},"modified":"2025-07-10T14:30:16","modified_gmt":"2025-07-10T14:30:16","slug":"home","status":"publish","type":"page","link":"https:\/\/mmtech.net.br\/","title":{"rendered":"Home"},"content":{"rendered":"\t\t<div data-elementor-type=\"wp-page\" data-elementor-id=\"65\" class=\"elementor elementor-65\" data-elementor-post-type=\"page\">\n\t\t\t\t<div class=\"elementor-element elementor-element-70d4ba7c e-flex e-con-boxed e-con e-parent\" data-id=\"70d4ba7c\" data-element_type=\"container\" data-settings=\"{&quot;background_background&quot;:&quot;gradient&quot;}\">\n\t\t\t\t\t<div class=\"e-con-inner\">\n\t\t<div class=\"elementor-element elementor-element-71c9dd6d e-con-full animated-slow e-flex elementor-invisible e-con e-child\" data-id=\"71c9dd6d\" data-element_type=\"container\" data-settings=\"{&quot;animation&quot;:&quot;fadeInLeft&quot;}\">\n\t\t\t\t<div class=\"elementor-element elementor-element-59fab3b2 elementor-widget-tablet__width-inherit elementor-widget elementor-widget-heading\" data-id=\"59fab3b2\" data-element_type=\"widget\" data-widget_type=\"heading.default\">\n\t\t\t\t\t<h1 class=\"elementor-heading-title elementor-size-default\">Solu\u00e7\u00f5es de TI Imediatas<\/h1>\t\t\t\t<\/div>\n\t\t\t\t<div class=\"elementor-element elementor-element-7fb069a1 elementor-widget__width-initial elementor-widget-mobile__width-initial elementor-widget elementor-widget-text-editor\" data-id=\"7fb069a1\" data-element_type=\"widget\" data-widget_type=\"text-editor.default\">\n\t\t\t\t\t\t\t\t\t<p>Seu problema de inform\u00e1tica resolvido na hora, sem complica\u00e7\u00e3o.<\/p>\t\t\t\t\t\t\t\t<\/div>\n\t\t\t\t<div class=\"elementor-element elementor-element-c6c4885 elementor-mobile-align-left elementor-icon-list--layout-traditional elementor-list-item-link-full_width elementor-widget elementor-widget-icon-list\" data-id=\"c6c4885\" data-element_type=\"widget\" data-widget_type=\"icon-list.default\">\n\t\t\t\t\t\t\t<ul class=\"elementor-icon-list-items\">\n\t\t\t\t\t\t\t<li class=\"elementor-icon-list-item\">\n\t\t\t\t\t\t\t\t\t\t\t<span class=\"elementor-icon-list-icon\">\n\t\t\t\t\t\t\t<svg aria-hidden=\"true\" class=\"e-font-icon-svg e-fas-check-circle\" viewBox=\"0 0 512 512\" xmlns=\"http:\/\/www.w3.org\/2000\/svg\"><path d=\"M504 256c0 136.967-111.033 248-248 248S8 392.967 8 256 119.033 8 256 8s248 111.033 248 248zM227.314 387.314l184-184c6.248-6.248 6.248-16.379 0-22.627l-22.627-22.627c-6.248-6.249-16.379-6.249-22.628 0L216 308.118l-70.059-70.059c-6.248-6.248-16.379-6.248-22.628 0l-22.627 22.627c-6.248 6.248-6.248 16.379 0 22.627l104 104c6.249 6.249 16.379 6.249 22.628.001z\"><\/path><\/svg>\t\t\t\t\t\t<\/span>\n\t\t\t\t\t\t\t\t\t\t<span class=\"elementor-icon-list-text\">Atendimento 100% pelo WhatsApp<\/span>\n\t\t\t\t\t\t\t\t\t<\/li>\n\t\t\t\t\t\t\t\t<li class=\"elementor-icon-list-item\">\n\t\t\t\t\t\t\t\t\t\t\t<span class=\"elementor-icon-list-icon\">\n\t\t\t\t\t\t\t<svg aria-hidden=\"true\" class=\"e-font-icon-svg e-fas-bolt\" viewBox=\"0 0 320 512\" xmlns=\"http:\/\/www.w3.org\/2000\/svg\"><path d=\"M296 160H180.6l42.6-129.8C227.2 15 215.7 0 200 0H56C44 0 33.8 8.9 32.2 20.8l-32 240C-1.7 275.2 9.5 288 24 288h118.7L96.6 482.5c-3.6 15.2 8 29.5 23.3 29.5 8.4 0 16.4-4.4 20.8-12l176-304c9.3-15.9-2.2-36-20.7-36z\"><\/path><\/svg>\t\t\t\t\t\t<\/span>\n\t\t\t\t\t\t\t\t\t\t<span class=\"elementor-icon-list-text\">Respostas r\u00e1pidas e suporte imediato<\/span>\n\t\t\t\t\t\t\t\t\t<\/li>\n\t\t\t\t\t\t\t\t<li class=\"elementor-icon-list-item\">\n\t\t\t\t\t\t\t\t\t\t\t<span class=\"elementor-icon-list-icon\">\n\t\t\t\t\t\t\t<svg aria-hidden=\"true\" class=\"e-font-icon-svg e-fas-money-bill-alt\" viewBox=\"0 0 640 512\" xmlns=\"http:\/\/www.w3.org\/2000\/svg\"><path d=\"M352 288h-16v-88c0-4.42-3.58-8-8-8h-13.58c-4.74 0-9.37 1.4-13.31 4.03l-15.33 10.22a7.994 7.994 0 0 0-2.22 11.09l8.88 13.31a7.994 7.994 0 0 0 11.09 2.22l.47-.31V288h-16c-4.42 0-8 3.58-8 8v16c0 4.42 3.58 8 8 8h64c4.42 0 8-3.58 8-8v-16c0-4.42-3.58-8-8-8zM608 64H32C14.33 64 0 78.33 0 96v320c0 17.67 14.33 32 32 32h576c17.67 0 32-14.33 32-32V96c0-17.67-14.33-32-32-32zM48 400v-64c35.35 0 64 28.65 64 64H48zm0-224v-64h64c0 35.35-28.65 64-64 64zm272 192c-53.02 0-96-50.15-96-112 0-61.86 42.98-112 96-112s96 50.14 96 112c0 61.87-43 112-96 112zm272 32h-64c0-35.35 28.65-64 64-64v64zm0-224c-35.35 0-64-28.65-64-64h64v64z\"><\/path><\/svg>\t\t\t\t\t\t<\/span>\n\t\t\t\t\t\t\t\t\t\t<span class=\"elementor-icon-list-text\">Primeiros atendimentos totalmente gratuitos<\/span>\n\t\t\t\t\t\t\t\t\t<\/li>\n\t\t\t\t\t\t<\/ul>\n\t\t\t\t\t\t<\/div>\n\t\t\t\t<\/div>\n\t\t<div class=\"elementor-element elementor-element-366dddba e-con-full animated-slow e-flex elementor-invisible e-con e-child\" data-id=\"366dddba\" data-element_type=\"container\" data-settings=\"{&quot;animation&quot;:&quot;fadeInRight&quot;}\">\n\t\t<div class=\"elementor-element elementor-element-1fffff43 e-con-full animated-slow e-flex elementor-invisible e-con e-child\" data-id=\"1fffff43\" data-element_type=\"container\" data-settings=\"{&quot;animation&quot;:&quot;fadeInRight&quot;}\">\n\t\t\t\t<div class=\"elementor-element elementor-element-d2350aa elementor-widget elementor-widget-image\" data-id=\"d2350aa\" data-element_type=\"widget\" data-widget_type=\"image.default\">\n\t\t\t\t\t\t\t\t\t\t\t\t\t\t\t<img decoding=\"async\" width=\"200\" height=\"200\" src=\"http:\/\/mmtech.net.br\/wp-content\/uploads\/2025\/07\/icone-mmtech.png\" class=\"attachment-full size-full wp-image-121\" alt=\"\" srcset=\"http:\/\/mmtech.net.br\/wp-content\/uploads\/2025\/07\/icone-mmtech.png 200w, http:\/\/mmtech.net.br\/wp-content\/uploads\/2025\/07\/icone-mmtech-150x150.png 150w\" sizes=\"(max-width: 200px) 100vw, 200px\" \/>\t\t\t\t\t\t\t\t\t\t\t\t\t\t\t<\/div>\n\t\t\t\t<div class=\"elementor-element elementor-element-478e525 elementor-widget__width-initial elementor-widget-mobile__width-initial elementor-widget elementor-widget-text-editor\" data-id=\"478e525\" data-element_type=\"widget\" data-widget_type=\"text-editor.default\">\n\t\t\t\t\t\t\t\t\t<p>Problemas com seu computador, rede ou sistema?<\/p>\t\t\t\t\t\t\t\t<\/div>\n\t\t\t\t<div class=\"elementor-element elementor-element-acd4524 elementor-position-left elementor-widget__width-initial elementor-view-default elementor-mobile-position-top elementor-widget elementor-widget-icon-box\" data-id=\"acd4524\" data-element_type=\"widget\" data-widget_type=\"icon-box.default\">\n\t\t\t\t\t\t\t<div class=\"elementor-icon-box-wrapper\">\n\n\t\t\t\t\t\t<div class=\"elementor-icon-box-icon\">\n\t\t\t\t<a href=\"http:\/\/wa.me\/5511940075447\" target=\"_blank\" class=\"elementor-icon\" tabindex=\"-1\" aria-label=\"Chamar no WhatsApp\">\n\t\t\t\t<svg aria-hidden=\"true\" class=\"e-font-icon-svg e-fab-whatsapp\" viewBox=\"0 0 448 512\" xmlns=\"http:\/\/www.w3.org\/2000\/svg\"><path d=\"M380.9 97.1C339 55.1 283.2 32 223.9 32c-122.4 0-222 99.6-222 222 0 39.1 10.2 77.3 29.6 111L0 480l117.7-30.9c32.4 17.7 68.9 27 106.1 27h.1c122.3 0 224.1-99.6 224.1-222 0-59.3-25.2-115-67.1-157zm-157 341.6c-33.2 0-65.7-8.9-94-25.7l-6.7-4-69.8 18.3L72 359.2l-4.4-7c-18.5-29.4-28.2-63.3-28.2-98.2 0-101.7 82.8-184.5 184.6-184.5 49.3 0 95.6 19.2 130.4 54.1 34.8 34.9 56.2 81.2 56.1 130.5 0 101.8-84.9 184.6-186.6 184.6zm101.2-138.2c-5.5-2.8-32.8-16.2-37.9-18-5.1-1.9-8.8-2.8-12.5 2.8-3.7 5.6-14.3 18-17.6 21.8-3.2 3.7-6.5 4.2-12 1.4-32.6-16.3-54-29.1-75.5-66-5.7-9.8 5.7-9.1 16.3-30.3 1.8-3.7.9-6.9-.5-9.7-1.4-2.8-12.5-30.1-17.1-41.2-4.5-10.8-9.1-9.3-12.5-9.5-3.2-.2-6.9-.2-10.6-.2-3.7 0-9.7 1.4-14.8 6.9-5.1 5.6-19.4 19-19.4 46.3 0 27.3 19.9 53.7 22.6 57.4 2.8 3.7 39.1 59.7 94.8 83.8 35.2 15.2 49 16.5 66.6 13.9 10.7-1.6 32.8-13.4 37.4-26.4 4.6-13 4.6-24.1 3.2-26.4-1.3-2.5-5-3.9-10.5-6.6z\"><\/path><\/svg>\t\t\t\t<\/a>\n\t\t\t<\/div>\n\t\t\t\n\t\t\t\t\t\t<div class=\"elementor-icon-box-content\">\n\n\t\t\t\t\t\t\t\t\t<h3 class=\"elementor-icon-box-title\">\n\t\t\t\t\t\t<a href=\"http:\/\/wa.me\/5511940075447\" target=\"_blank\" >\n\t\t\t\t\t\t\tChamar no WhatsApp\t\t\t\t\t\t<\/a>\n\t\t\t\t\t<\/h3>\n\t\t\t\t\n\t\t\t\t\n\t\t\t<\/div>\n\t\t\t\n\t\t<\/div>\n\t\t\t\t\t\t<\/div>\n\t\t\t\t<\/div>\n\t\t\t\t<\/div>\n\t\t\t\t\t<\/div>\n\t\t\t\t<\/div>\n\t\t<div class=\"elementor-element elementor-element-1f2ce1f2 e-flex e-con-boxed e-con e-parent\" data-id=\"1f2ce1f2\" data-element_type=\"container\" data-settings=\"{&quot;background_background&quot;:&quot;classic&quot;}\">\n\t\t\t\t\t<div class=\"e-con-inner\">\n\t\t<div class=\"elementor-element elementor-element-196264a5 e-con-full e-flex e-con e-child\" data-id=\"196264a5\" data-element_type=\"container\">\n\t\t<div class=\"elementor-element elementor-element-3babfc44 e-con-full e-flex e-con e-child\" data-id=\"3babfc44\" data-element_type=\"container\">\n\t\t\t\t<div class=\"elementor-element elementor-element-6d42dbd3 elementor-widget-tablet__width-inherit elementor-widget elementor-widget-heading\" data-id=\"6d42dbd3\" data-element_type=\"widget\" data-widget_type=\"heading.default\">\n\t\t\t\t\t<h2 class=\"elementor-heading-title elementor-size-default\">Alguns de nossos clientes<\/h2>\t\t\t\t<\/div>\n\t\t\t\t<\/div>\n\t\t\t\t<\/div>\n\t\t<div class=\"elementor-element elementor-element-a0d75a0 e-con-full e-flex e-con e-child\" data-id=\"a0d75a0\" data-element_type=\"container\">\n\t\t\t\t<div class=\"elementor-element elementor-element-7202f15 gallery-spacing-custom elementor-widget elementor-widget-image-gallery\" data-id=\"7202f15\" data-element_type=\"widget\" data-widget_type=\"image-gallery.default\">\n\t\t\t\t\t\t\t<div class=\"elementor-image-gallery\">\n\t\t\t<div id='gallery-1' class='gallery galleryid-65 gallery-columns-4 gallery-size-full'><figure class='gallery-item'>\n\t\t\t<div class='gallery-icon landscape'>\n\t\t\t\t<img fetchpriority=\"high\" decoding=\"async\" width=\"400\" height=\"140\" src=\"http:\/\/mmtech.net.br\/wp-content\/uploads\/2025\/07\/3pn.jpg\" class=\"attachment-full size-full\" alt=\"\" srcset=\"http:\/\/mmtech.net.br\/wp-content\/uploads\/2025\/07\/3pn.jpg 400w, http:\/\/mmtech.net.br\/wp-content\/uploads\/2025\/07\/3pn-300x105.jpg 300w\" sizes=\"(max-width: 400px) 100vw, 400px\" \/>\n\t\t\t<\/div><\/figure><figure class='gallery-item'>\n\t\t\t<div class='gallery-icon landscape'>\n\t\t\t\t<img decoding=\"async\" width=\"400\" height=\"140\" src=\"http:\/\/mmtech.net.br\/wp-content\/uploads\/2025\/07\/4rubber.jpg\" class=\"attachment-full size-full\" alt=\"\" srcset=\"http:\/\/mmtech.net.br\/wp-content\/uploads\/2025\/07\/4rubber.jpg 400w, http:\/\/mmtech.net.br\/wp-content\/uploads\/2025\/07\/4rubber-300x105.jpg 300w\" sizes=\"(max-width: 400px) 100vw, 400px\" \/>\n\t\t\t<\/div><\/figure><figure class='gallery-item'>\n\t\t\t<div class='gallery-icon landscape'>\n\t\t\t\t<img loading=\"lazy\" decoding=\"async\" width=\"400\" height=\"140\" src=\"http:\/\/mmtech.net.br\/wp-content\/uploads\/2025\/07\/aurratech-logo.jpg\" class=\"attachment-full size-full\" alt=\"\" srcset=\"http:\/\/mmtech.net.br\/wp-content\/uploads\/2025\/07\/aurratech-logo.jpg 400w, http:\/\/mmtech.net.br\/wp-content\/uploads\/2025\/07\/aurratech-logo-300x105.jpg 300w\" sizes=\"(max-width: 400px) 100vw, 400px\" \/>\n\t\t\t<\/div><\/figure><figure class='gallery-item'>\n\t\t\t<div class='gallery-icon landscape'>\n\t\t\t\t<img loading=\"lazy\" decoding=\"async\" width=\"400\" height=\"140\" src=\"http:\/\/mmtech.net.br\/wp-content\/uploads\/2025\/07\/auto-pecas-gisela-logo.jpg\" class=\"attachment-full size-full\" alt=\"\" srcset=\"http:\/\/mmtech.net.br\/wp-content\/uploads\/2025\/07\/auto-pecas-gisela-logo.jpg 400w, http:\/\/mmtech.net.br\/wp-content\/uploads\/2025\/07\/auto-pecas-gisela-logo-300x105.jpg 300w\" sizes=\"(max-width: 400px) 100vw, 400px\" \/>\n\t\t\t<\/div><\/figure><figure class='gallery-item'>\n\t\t\t<div class='gallery-icon landscape'>\n\t\t\t\t<img loading=\"lazy\" decoding=\"async\" width=\"400\" height=\"140\" src=\"http:\/\/mmtech.net.br\/wp-content\/uploads\/2025\/07\/cefro-logo.jpg\" class=\"attachment-full size-full\" alt=\"\" srcset=\"http:\/\/mmtech.net.br\/wp-content\/uploads\/2025\/07\/cefro-logo.jpg 400w, http:\/\/mmtech.net.br\/wp-content\/uploads\/2025\/07\/cefro-logo-300x105.jpg 300w\" sizes=\"(max-width: 400px) 100vw, 400px\" \/>\n\t\t\t<\/div><\/figure><figure class='gallery-item'>\n\t\t\t<div class='gallery-icon landscape'>\n\t\t\t\t<img loading=\"lazy\" decoding=\"async\" width=\"400\" height=\"140\" src=\"http:\/\/mmtech.net.br\/wp-content\/uploads\/2025\/07\/clarear-propaganda-logo.jpg\" class=\"attachment-full size-full\" alt=\"\" srcset=\"http:\/\/mmtech.net.br\/wp-content\/uploads\/2025\/07\/clarear-propaganda-logo.jpg 400w, http:\/\/mmtech.net.br\/wp-content\/uploads\/2025\/07\/clarear-propaganda-logo-300x105.jpg 300w\" sizes=\"(max-width: 400px) 100vw, 400px\" \/>\n\t\t\t<\/div><\/figure><figure class='gallery-item'>\n\t\t\t<div class='gallery-icon landscape'>\n\t\t\t\t<img loading=\"lazy\" decoding=\"async\" width=\"400\" height=\"140\" src=\"http:\/\/mmtech.net.br\/wp-content\/uploads\/2025\/07\/evi-logo.jpg\" class=\"attachment-full size-full\" alt=\"\" srcset=\"http:\/\/mmtech.net.br\/wp-content\/uploads\/2025\/07\/evi-logo.jpg 400w, http:\/\/mmtech.net.br\/wp-content\/uploads\/2025\/07\/evi-logo-300x105.jpg 300w\" sizes=\"(max-width: 400px) 100vw, 400px\" \/>\n\t\t\t<\/div><\/figure><figure class='gallery-item'>\n\t\t\t<div class='gallery-icon landscape'>\n\t\t\t\t<img loading=\"lazy\" decoding=\"async\" width=\"400\" height=\"140\" src=\"http:\/\/mmtech.net.br\/wp-content\/uploads\/2025\/07\/flex-automotive-system.jpg\" class=\"attachment-full size-full\" alt=\"\" srcset=\"http:\/\/mmtech.net.br\/wp-content\/uploads\/2025\/07\/flex-automotive-system.jpg 400w, http:\/\/mmtech.net.br\/wp-content\/uploads\/2025\/07\/flex-automotive-system-300x105.jpg 300w\" sizes=\"(max-width: 400px) 100vw, 400px\" \/>\n\t\t\t<\/div><\/figure><figure class='gallery-item'>\n\t\t\t<div class='gallery-icon landscape'>\n\t\t\t\t<img loading=\"lazy\" decoding=\"async\" width=\"400\" height=\"140\" src=\"http:\/\/mmtech.net.br\/wp-content\/uploads\/2025\/07\/infinity-care-logo.jpg\" class=\"attachment-full size-full\" alt=\"\" srcset=\"http:\/\/mmtech.net.br\/wp-content\/uploads\/2025\/07\/infinity-care-logo.jpg 400w, http:\/\/mmtech.net.br\/wp-content\/uploads\/2025\/07\/infinity-care-logo-300x105.jpg 300w\" sizes=\"(max-width: 400px) 100vw, 400px\" \/>\n\t\t\t<\/div><\/figure><figure class='gallery-item'>\n\t\t\t<div class='gallery-icon landscape'>\n\t\t\t\t<img loading=\"lazy\" decoding=\"async\" width=\"400\" height=\"140\" src=\"http:\/\/mmtech.net.br\/wp-content\/uploads\/2025\/07\/litee-logo.jpg\" class=\"attachment-full size-full\" alt=\"\" srcset=\"http:\/\/mmtech.net.br\/wp-content\/uploads\/2025\/07\/litee-logo.jpg 400w, http:\/\/mmtech.net.br\/wp-content\/uploads\/2025\/07\/litee-logo-300x105.jpg 300w\" sizes=\"(max-width: 400px) 100vw, 400px\" \/>\n\t\t\t<\/div><\/figure><figure class='gallery-item'>\n\t\t\t<div class='gallery-icon landscape'>\n\t\t\t\t<img loading=\"lazy\" decoding=\"async\" width=\"400\" height=\"140\" src=\"http:\/\/mmtech.net.br\/wp-content\/uploads\/2025\/07\/prefer-safety-logo.jpg\" class=\"attachment-full size-full\" alt=\"\" srcset=\"http:\/\/mmtech.net.br\/wp-content\/uploads\/2025\/07\/prefer-safety-logo.jpg 400w, http:\/\/mmtech.net.br\/wp-content\/uploads\/2025\/07\/prefer-safety-logo-300x105.jpg 300w\" sizes=\"(max-width: 400px) 100vw, 400px\" \/>\n\t\t\t<\/div><\/figure><figure class='gallery-item'>\n\t\t\t<div class='gallery-icon landscape'>\n\t\t\t\t<img loading=\"lazy\" decoding=\"async\" width=\"400\" height=\"140\" src=\"http:\/\/mmtech.net.br\/wp-content\/uploads\/2025\/07\/tag-contabilidade-logo.jpg\" class=\"attachment-full size-full\" alt=\"\" srcset=\"http:\/\/mmtech.net.br\/wp-content\/uploads\/2025\/07\/tag-contabilidade-logo.jpg 400w, http:\/\/mmtech.net.br\/wp-content\/uploads\/2025\/07\/tag-contabilidade-logo-300x105.jpg 300w\" sizes=\"(max-width: 400px) 100vw, 400px\" \/>\n\t\t\t<\/div><\/figure><figure class='gallery-item'>\n\t\t\t<div class='gallery-icon landscape'>\n\t\t\t\t<img loading=\"lazy\" decoding=\"async\" width=\"400\" height=\"140\" src=\"http:\/\/mmtech.net.br\/wp-content\/uploads\/2025\/07\/santo-grau-otica-logo.jpg\" class=\"attachment-full size-full\" alt=\"\" srcset=\"http:\/\/mmtech.net.br\/wp-content\/uploads\/2025\/07\/santo-grau-otica-logo.jpg 400w, http:\/\/mmtech.net.br\/wp-content\/uploads\/2025\/07\/santo-grau-otica-logo-300x105.jpg 300w\" sizes=\"(max-width: 400px) 100vw, 400px\" \/>\n\t\t\t<\/div><\/figure>\n\t\t<\/div>\n\t\t<\/div>\n\t\t\t\t\t\t<\/div>\n\t\t\t\t<\/div>\n\t\t\t\t\t<\/div>\n\t\t\t\t<\/div>\n\t\t\t\t<\/div>\n\t\t","protected":false},"excerpt":{"rendered":"<p>Solu\u00e7\u00f5es de TI Imediatas Seu problema de inform\u00e1tica resolvido na hora, sem complica\u00e7\u00e3o. Atendimento 100% pelo WhatsApp Respostas r\u00e1pidas e suporte imediato Primeiros atendimentos totalmente gratuitos Problemas com seu computador, rede ou sistema? Chamar no WhatsApp Alguns de nossos clientes<\/p>\n","protected":false},"author":1,"featured_media":0,"parent":0,"menu_order":0,"comment_status":"closed","ping_status":"closed","template":"elementor_header_footer","meta":{"footnotes":""},"class_list":["post-65","page","type-page","status-publish","hentry"],"yoast_head":"<!-- This site is optimized with the Yoast SEO plugin v25.6 - https:\/\/yoast.com\/wordpress\/plugins\/seo\/ -->\n<title>Home - MM Tech<\/title>\n<meta name=\"robots\" content=\"index, follow, max-snippet:-1, max-image-preview:large, max-video-preview:-1\" \/>\n<link rel=\"canonical\" href=\"http:\/\/mmtech.net.br\/\" \/>\n<meta property=\"og:locale\" content=\"pt_BR\" \/>\n<meta property=\"og:type\" content=\"article\" \/>\n<meta property=\"og:title\" content=\"Home - MM Tech\" \/>\n<meta property=\"og:description\" content=\"Solu\u00e7\u00f5es de TI Imediatas Seu problema de inform\u00e1tica resolvido na hora, sem complica\u00e7\u00e3o. Atendimento 100% pelo WhatsApp Respostas r\u00e1pidas e suporte imediato Primeiros atendimentos totalmente gratuitos Problemas com seu computador, rede ou sistema? Chamar no WhatsApp Alguns de nossos clientes\" \/>\n<meta property=\"og:url\" content=\"http:\/\/mmtech.net.br\/\" \/>\n<meta property=\"og:site_name\" content=\"MM Tech\" \/>\n<meta property=\"article:modified_time\" content=\"2025-07-10T14:30:16+00:00\" \/>\n<meta property=\"og:image\" content=\"http:\/\/mmtech.net.br\/wp-content\/uploads\/2025\/07\/icone-mmtech.png\" \/>\n<meta name=\"twitter:card\" content=\"summary_large_image\" \/>\n<meta name=\"twitter:label1\" content=\"Est. tempo de leitura\" \/>\n\t<meta name=\"twitter:data1\" content=\"3 minutos\" \/>\n<script type=\"application\/ld+json\" class=\"yoast-schema-graph\">{\"@context\":\"https:\/\/schema.org\",\"@graph\":[{\"@type\":\"WebPage\",\"@id\":\"http:\/\/mmtech.net.br\/\",\"url\":\"http:\/\/mmtech.net.br\/\",\"name\":\"Home - MM Tech\",\"isPartOf\":{\"@id\":\"http:\/\/mmtech.net.br\/#website\"},\"primaryImageOfPage\":{\"@id\":\"http:\/\/mmtech.net.br\/#primaryimage\"},\"image\":{\"@id\":\"http:\/\/mmtech.net.br\/#primaryimage\"},\"thumbnailUrl\":\"http:\/\/mmtech.net.br\/wp-content\/uploads\/2025\/07\/icone-mmtech.png\",\"datePublished\":\"2025-06-05T19:23:48+00:00\",\"dateModified\":\"2025-07-10T14:30:16+00:00\",\"breadcrumb\":{\"@id\":\"http:\/\/mmtech.net.br\/#breadcrumb\"},\"inLanguage\":\"pt-BR\",\"potentialAction\":[{\"@type\":\"ReadAction\",\"target\":[\"http:\/\/mmtech.net.br\/\"]}]},{\"@type\":\"ImageObject\",\"inLanguage\":\"pt-BR\",\"@id\":\"http:\/\/mmtech.net.br\/#primaryimage\",\"url\":\"https:\/\/mmtech.net.br\/wp-content\/uploads\/2025\/07\/icone-mmtech.png\",\"contentUrl\":\"https:\/\/mmtech.net.br\/wp-content\/uploads\/2025\/07\/icone-mmtech.png\",\"width\":200,\"height\":200},{\"@type\":\"BreadcrumbList\",\"@id\":\"http:\/\/mmtech.net.br\/#breadcrumb\",\"itemListElement\":[{\"@type\":\"ListItem\",\"position\":1,\"name\":\"In\u00edcio\",\"item\":\"http:\/\/mmtech.net.br\/\"},{\"@type\":\"ListItem\",\"position\":2,\"name\":\"Home\"}]},{\"@type\":\"WebSite\",\"@id\":\"http:\/\/mmtech.net.br\/#website\",\"url\":\"http:\/\/mmtech.net.br\/\",\"name\":\"MM Tech\",\"description\":\"Consultoria de TI para Micro e Pequenas Empresas\",\"publisher\":{\"@id\":\"http:\/\/mmtech.net.br\/#organization\"},\"potentialAction\":[{\"@type\":\"SearchAction\",\"target\":{\"@type\":\"EntryPoint\",\"urlTemplate\":\"http:\/\/mmtech.net.br\/?s={search_term_string}\"},\"query-input\":{\"@type\":\"PropertyValueSpecification\",\"valueRequired\":true,\"valueName\":\"search_term_string\"}}],\"inLanguage\":\"pt-BR\"},{\"@type\":\"Organization\",\"@id\":\"http:\/\/mmtech.net.br\/#organization\",\"name\":\"MM Tech\",\"url\":\"http:\/\/mmtech.net.br\/\",\"logo\":{\"@type\":\"ImageObject\",\"inLanguage\":\"pt-BR\",\"@id\":\"http:\/\/mmtech.net.br\/#\/schema\/logo\/image\/\",\"url\":\"https:\/\/mmtech.net.br\/wp-content\/uploads\/2025\/06\/favicon.png\",\"contentUrl\":\"https:\/\/mmtech.net.br\/wp-content\/uploads\/2025\/06\/favicon.png\",\"width\":512,\"height\":512,\"caption\":\"MM Tech\"},\"image\":{\"@id\":\"http:\/\/mmtech.net.br\/#\/schema\/logo\/image\/\"}}]}<\/script>\n<!-- \/ Yoast SEO plugin. -->","yoast_head_json":{"title":"Home - MM Tech","robots":{"index":"index","follow":"follow","max-snippet":"max-snippet:-1","max-image-preview":"max-image-preview:large","max-video-preview":"max-video-preview:-1"},"canonical":"http:\/\/mmtech.net.br\/","og_locale":"pt_BR","og_type":"article","og_title":"Home - MM Tech","og_description":"Solu\u00e7\u00f5es de TI Imediatas Seu problema de inform\u00e1tica resolvido na hora, sem complica\u00e7\u00e3o. Atendimento 100% pelo WhatsApp Respostas r\u00e1pidas e suporte imediato Primeiros atendimentos totalmente gratuitos Problemas com seu computador, rede ou sistema? Chamar no WhatsApp Alguns de nossos clientes","og_url":"http:\/\/mmtech.net.br\/","og_site_name":"MM Tech","article_modified_time":"2025-07-10T14:30:16+00:00","og_image":[{"url":"http:\/\/mmtech.net.br\/wp-content\/uploads\/2025\/07\/icone-mmtech.png","type":"","width":"","height":""}],"twitter_card":"summary_large_image","twitter_misc":{"Est. tempo de leitura":"3 minutos"},"schema":{"@context":"https:\/\/schema.org","@graph":[{"@type":"WebPage","@id":"http:\/\/mmtech.net.br\/","url":"http:\/\/mmtech.net.br\/","name":"Home - MM Tech","isPartOf":{"@id":"http:\/\/mmtech.net.br\/#website"},"primaryImageOfPage":{"@id":"http:\/\/mmtech.net.br\/#primaryimage"},"image":{"@id":"http:\/\/mmtech.net.br\/#primaryimage"},"thumbnailUrl":"http:\/\/mmtech.net.br\/wp-content\/uploads\/2025\/07\/icone-mmtech.png","datePublished":"2025-06-05T19:23:48+00:00","dateModified":"2025-07-10T14:30:16+00:00","breadcrumb":{"@id":"http:\/\/mmtech.net.br\/#breadcrumb"},"inLanguage":"pt-BR","potentialAction":[{"@type":"ReadAction","target":["http:\/\/mmtech.net.br\/"]}]},{"@type":"ImageObject","inLanguage":"pt-BR","@id":"http:\/\/mmtech.net.br\/#primaryimage","url":"https:\/\/mmtech.net.br\/wp-content\/uploads\/2025\/07\/icone-mmtech.png","contentUrl":"https:\/\/mmtech.net.br\/wp-content\/uploads\/2025\/07\/icone-mmtech.png","width":200,"height":200},{"@type":"BreadcrumbList","@id":"http:\/\/mmtech.net.br\/#breadcrumb","itemListElement":[{"@type":"ListItem","position":1,"name":"In\u00edcio","item":"http:\/\/mmtech.net.br\/"},{"@type":"ListItem","position":2,"name":"Home"}]},{"@type":"WebSite","@id":"http:\/\/mmtech.net.br\/#website","url":"http:\/\/mmtech.net.br\/","name":"MM Tech","description":"Consultoria de TI para Micro e Pequenas Empresas","publisher":{"@id":"http:\/\/mmtech.net.br\/#organization"},"potentialAction":[{"@type":"SearchAction","target":{"@type":"EntryPoint","urlTemplate":"http:\/\/mmtech.net.br\/?s={search_term_string}"},"query-input":{"@type":"PropertyValueSpecification","valueRequired":true,"valueName":"search_term_string"}}],"inLanguage":"pt-BR"},{"@type":"Organization","@id":"http:\/\/mmtech.net.br\/#organization","name":"MM Tech","url":"http:\/\/mmtech.net.br\/","logo":{"@type":"ImageObject","inLanguage":"pt-BR","@id":"http:\/\/mmtech.net.br\/#\/schema\/logo\/image\/","url":"https:\/\/mmtech.net.br\/wp-content\/uploads\/2025\/06\/favicon.png","contentUrl":"https:\/\/mmtech.net.br\/wp-content\/uploads\/2025\/06\/favicon.png","width":512,"height":512,"caption":"MM Tech"},"image":{"@id":"http:\/\/mmtech.net.br\/#\/schema\/logo\/image\/"}}]}},"_links":{"self":[{"href":"https:\/\/mmtech.net.br\/index.php?rest_route=\/wp\/v2\/pages\/65","targetHints":{"allow":["GET"]}}],"collection":[{"href":"https:\/\/mmtech.net.br\/index.php?rest_route=\/wp\/v2\/pages"}],"about":[{"href":"https:\/\/mmtech.net.br\/index.php?rest_route=\/wp\/v2\/types\/page"}],"author":[{"embeddable":true,"href":"https:\/\/mmtech.net.br\/index.php?rest_route=\/wp\/v2\/users\/1"}],"replies":[{"embeddable":true,"href":"https:\/\/mmtech.net.br\/index.php?rest_route=%2Fwp%2Fv2%2Fcomments&post=65"}],"version-history":[{"count":67,"href":"https:\/\/mmtech.net.br\/index.php?rest_route=\/wp\/v2\/pages\/65\/revisions"}],"predecessor-version":[{"id":186,"href":"https:\/\/mmtech.net.br\/index.php?rest_route=\/wp\/v2\/pages\/65\/revisions\/186"}],"wp:attachment":[{"href":"https:\/\/mmtech.net.br\/index.php?rest_route=%2Fwp%2Fv2%2Fmedia&parent=65"}],"curies":[{"name":"wp","href":"https:\/\/api.w.org\/{rel}","templated":true}]}}